{"id":164,"date":"2016-08-25T19:26:44","date_gmt":"2016-08-25T19:26:44","guid":{"rendered":"http:\/\/www.bhub.org\/?page_id=164"},"modified":"2022-06-09T07:01:46","modified_gmt":"2022-06-09T07:01:46","slug":"submit-a-study","status":"publish","type":"page","link":"https:\/\/www.bhub.org\/es\/submit-a-study\/","title":{"rendered":"Env\u00eda tu Estudio"},"content":{"rendered":"<div class=\"form-intro\">\n<h1>The Behavioral Evidence Hub: <strong>Env\u00edo de contenidos<\/strong><\/h1>\n<p>\u00bfTe interesa enviar un proyecto al B-Hub? Revisa si tu proyecto cumple con los requisitos.<\/p>\n<\/div>\n","protected":false},"excerpt":{"rendered":"<p>The Behavioral Evidence Hub: Env\u00edo de contenidos \u00bfTe interesa enviar un proyecto al B-Hub? Revisa si tu proyecto cumple con los requisitos.<\/p>\n","protected":false},"author":1,"featured_media":0,"parent":0,"menu_order":0,"comment_status":"closed","ping_status":"closed","template":"","meta":{"_bbp_topic_count":0,"_bbp_reply_count":0,"_bbp_total_topic_count":0,"_bbp_total_reply_count":0,"_bbp_voice_count":0,"_bbp_anonymous_reply_count":0,"_bbp_topic_count_hidden":0,"_bbp_reply_count_hidden":0,"_bbp_forum_subforum_count":0,"_mi_skip_tracking":false},"acf":{"accordion":[{"image":false,"heading":"<p><strong>\u00bfQu\u00e9 proyectos son elegibles?<\/strong><\/p>\n","content":"<p>Para que tu proyecto sea elegible, debe cumplir con los siguientes cuatro requisitos:<\/p>\n<p style=\"padding-left: 30px;\"><strong>1. CONDUCTUAL:\u00a0<\/strong>La teor\u00eda sobre el cambio y el dise\u00f1o de la intervenci\u00f3n se basan en conocimiento proveniente de investigaciones sobre ciencias del comportamiento.<\/p>\n<p style=\"padding-left: 30px;\"><strong>2. APLICABLE:\u00a0<\/strong>La intervenci\u00f3n se aplic\u00f3 en un entorno del mundo real. Est\u00e1 bien definida y es simple, lo que facilita que alguien no muy familiarizado con las ciencias del comportamiento pueda replicarla.<\/p>\n<p style=\"padding-left: 30px;\"><strong>3. RIGUROSA:\u00a0<\/strong>Se evalu\u00f3 con una metodolog\u00eda experimental aleatorizada.<\/p>\n<p style=\"padding-left: 30px;\"><strong>4. EFECTIVA:<\/strong> La evaluaci\u00f3n encontr\u00f3 que el componente conductual de la intervenci\u00f3n tiene un impacto cuantitativo significativo a nivel estad\u00edstico, con un valor de p \u2264 0.05.<\/p>\n"},{"image":false,"heading":"<p><strong>\u00bfCu\u00e1l es el proceso a seguir para publicar un proyecto?<\/strong><\/p>\n","content":"<p>1. Completa y env\u00eda el siguiente formulario.<br \/>\n2. Despu\u00e9s de enviarlo, recibir\u00e1s un correo electr\u00f3nico con instrucciones para proporcionarnos m\u00e1s detalles.<br \/>\n3. Te escribiremos directamente si surge alguna duda relacionada con la entrega.<br \/>\n4.\u00a0Publicaremos los estudios elegibles en nuestra p\u00e1gina, en la que t\u00fa y tu organizaci\u00f3n aparecer\u00e1n como autores.<\/p>\n<p><em>Nota: Las rese\u00f1as de proyecto suelen tener entre 700 y 1,500 palabras en total, y describen los desaf\u00edos enfrentados, im\u00e1genes del dise\u00f1o final y detalles espec\u00edficos sobre la implementaci\u00f3n.<\/em><\/p>\n<p>En algunas ocasiones, seleccionaremos, resumiremos y publicaremos directamente en el B-Hub estudios que consideremos importantes.<\/p>\n"},{"image":false,"heading":"<p><strong>\u00bfQu\u00e9 es el B-Hub y qui\u00e9nes lo conforman?<\/strong><\/p>\n","content":"<p>Para saber m\u00e1s sobre el B-Hub y sus colaboradores, visita la p\u00e1gina <a href=\"\/es\/about\/\">Acerca<\/a>.<\/p>\n"}],"ccf":{"ID":168,"post_author":"10","post_date":"2023-10-20 10:04:39","post_date_gmt":"2023-10-20 10:04:39","post_content":"","post_title":"Behavioral Evidence Hub: Content Submission","post_excerpt":"","post_status":"publish","comment_status":"closed","ping_status":"closed","post_password":"","post_name":"submit-a-case-study","to_ping":"","pinged":"","post_modified":"2023-10-20 10:04:39","post_modified_gmt":"2023-10-20 10:04:39","post_content_filtered":"","post_parent":0,"guid":"http:\/\/www.bhub.org\/?post_type=ccf_form&#038;p=168","menu_order":0,"post_type":"ccf_form","post_mime_type":"","comment_count":"0","filter":"raw"},"ccf_es":{"ID":27927,"post_author":"10","post_date":"2023-11-13 16:10:54","post_date_gmt":"2023-11-13 16:10:54","post_content":"","post_title":"Behavioral Evidence Hub: Content Submission (Spanish)","post_excerpt":"","post_status":"publish","comment_status":"closed","ping_status":"closed","post_password":"","post_name":"behavioral-evidence-hub-content-submission-duplicate","to_ping":"","pinged":"","post_modified":"2023-11-13 16:10:54","post_modified_gmt":"2023-11-13 16:10:54","post_content_filtered":"","post_parent":0,"guid":"https:\/\/bstm.saritasa-hosting.com\/?post_type=ccf_form&#038;p=27927","menu_order":0,"post_type":"ccf_form","post_mime_type":"","comment_count":"0","filter":"raw"}},"_links":{"self":[{"href":"https:\/\/www.bhub.org\/es\/wp-json\/wp\/v2\/pages\/164"}],"collection":[{"href":"https:\/\/www.bhub.org\/es\/wp-json\/wp\/v2\/pages"}],"about":[{"href":"https:\/\/www.bhub.org\/es\/wp-json\/wp\/v2\/types\/page"}],"author":[{"embeddable":true,"href":"https:\/\/www.bhub.org\/es\/wp-json\/wp\/v2\/users\/1"}],"replies":[{"embeddable":true,"href":"https:\/\/www.bhub.org\/es\/wp-json\/wp\/v2\/comments?post=164"}],"version-history":[{"count":65,"href":"https:\/\/www.bhub.org\/es\/wp-json\/wp\/v2\/pages\/164\/revisions"}],"predecessor-version":[{"id":34450,"href":"https:\/\/www.bhub.org\/es\/wp-json\/wp\/v2\/pages\/164\/revisions\/34450"}],"wp:attachment":[{"href":"https:\/\/www.bhub.org\/es\/wp-json\/wp\/v2\/media?parent=164"}],"curies":[{"name":"wp","href":"https:\/\/api.w.org\/{rel}","templated":true}]}}